{"id":8303,"date":"2024-04-10T07:33:17","date_gmt":"2024-04-10T07:33:17","guid":{"rendered":"https:\/\/www.moregamification.com\/?page_id=8303"},"modified":"2024-05-23T09:04:08","modified_gmt":"2024-05-23T09:04:08","slug":"blog","status":"publish","type":"page","link":"https:\/\/www.moregamification.com\/ro\/blog\/","title":{"rendered":"Blog"},"content":{"rendered":"<div class=\"wp-block-columns alignwide is-layout-flex wp-container-core-columns-is-layout-28f84493 wp-block-columns-is-layout-flex\" style=\"border-style:none;border-width:0px\">\n<div class=\"wp-block-column is-layout-flow wp-block-column-is-layout-flow\" style=\"flex-basis:67.2%\">\n<div data-wp-context=\"{}\" data-wp-interactive=\"core\/query\" data-wp-key=\"14\" data-wp-router-region=\"query-14\" class=\"wp-block-query is-layout-flow wp-block-query-is-layout-flow\">\n<div class=\"wp-block-group alignwide is-layout-flow wp-container-core-group-is-layout-bd71a3be wp-block-group-is-layout-flow\" style=\"margin-top:0;margin-bottom:0;padding-top:var(--wp--preset--spacing--70);padding-bottom:128px\">\n<div class=\"wp-block-group is-layout-flow wp-container-core-group-is-layout-9b635ac4 wp-block-group-is-layout-flow\">\n<h5 class=\"wp-block-heading has-small-font-size\" style=\"font-style:normal;font-weight:600;line-height:1.6\">Articole Utile<\/h5>\n\n\n\n<h2 class=\"wp-block-heading has-large-plus-font-size\" style=\"line-height:1.3\">Din Blog<\/h2>\n<\/div>\n\n\n\n<div class=\"wp-block-query is-layout-flow wp-block-query-is-layout-flow\">\n<div class=\"wp-block-group has-global-padding is-layout-constrained wp-block-group-is-layout-constrained\">\n<div class=\"wp-block-columns is-layout-flex wp-container-core-columns-is-layout-28f84493 wp-block-columns-is-layout-flex\">\n<div class=\"wp-block-column is-layout-flow wp-block-column-is-layout-flow\" style=\"flex-basis:100%\"><ul class=\"columns-2 wp-block-post-template is-layout-grid wp-container-core-post-template-is-layout-02493678 wp-block-post-template-is-layout-grid\"><li class=\"wp-block-post post-9500 post type-post status-publish format-standard has-post-thumbnail hentry category-business category-gamification category-odoo category-training\">\n\n<div class=\"wp-block-group has-global-padding is-layout-constrained wp-container-core-group-is-layout-be425970 wp-block-group-is-layout-constrained\" style=\"padding-top:0px;padding-right:var(--wp--preset--spacing--30);padding-bottom:var(--wp--preset--spacing--20);padding-left:0px\">\n<div class=\"wp-block-cover has-custom-content-position is-position-bottom-left lemmony-aspect-3_2 has-midground-background-color\" style=\"padding-top:var(--wp--preset--spacing--20);padding-right:var(--wp--preset--spacing--20);padding-bottom:var(--wp--preset--spacing--20);padding-left:var(--wp--preset--spacing--20);min-height:5rem;aspect-ratio:unset;\"><span aria-hidden=\"true\" class=\"wp-block-cover__background has-background-dim-0 has-background-dim\" style=\"background-color:#e0e0e0\"><\/span><img loading=\"lazy\" decoding=\"async\" width=\"1600\" height=\"800\" src=\"https:\/\/www.moregamification.com\/wp-content\/uploads\/2025\/04\/mega-creator-2025-04-30T150806.941.png\" class=\"wp-block-cover__image-background wp-post-image\" alt=\"odoo timesheets\" data-object-fit=\"cover\" srcset=\"https:\/\/www.moregamification.com\/wp-content\/uploads\/2025\/04\/mega-creator-2025-04-30T150806.941.png 1600w, https:\/\/www.moregamification.com\/wp-content\/uploads\/2025\/04\/mega-creator-2025-04-30T150806.941-300x150.png 300w, https:\/\/www.moregamification.com\/wp-content\/uploads\/2025\/04\/mega-creator-2025-04-30T150806.941-1024x512.png 1024w, https:\/\/www.moregamification.com\/wp-content\/uploads\/2025\/04\/mega-creator-2025-04-30T150806.941-768x384.png 768w, https:\/\/www.moregamification.com\/wp-content\/uploads\/2025\/04\/mega-creator-2025-04-30T150806.941-1536x768.png 1536w, https:\/\/www.moregamification.com\/wp-content\/uploads\/2025\/04\/mega-creator-2025-04-30T150806.941-18x9.png 18w\" sizes=\"auto, (max-width: 1600px) 100vw, 1600px\" \/><div class=\"wp-block-cover__inner-container is-layout-flow wp-block-cover-is-layout-flow\"><div style=\"font-style:normal;font-weight:700\" class=\"taxonomy-category is-style-boxes wp-block-post-terms has-text-color has-body-color has-tiny-font-size\"><a href=\"https:\/\/www.moregamification.com\/ro\/category\/business\/\" rel=\"tag\">Business<\/a><span class=\"wp-block-post-terms__separator\">, <\/span><a href=\"https:\/\/www.moregamification.com\/ro\/category\/gamification\/\" rel=\"tag\">Gamification<\/a><span class=\"wp-block-post-terms__separator\">, <\/span><a href=\"https:\/\/www.moregamification.com\/ro\/category\/odoo\/\" rel=\"tag\">Odoo<\/a><span class=\"wp-block-post-terms__separator\">, <\/span><a href=\"https:\/\/www.moregamification.com\/ro\/category\/training\/\" rel=\"tag\">Training<\/a><\/div><\/div><\/div>\n\n\n<h3 style=\"line-height:1.6; margin-top:var(--wp--preset--spacing--40);\" class=\"has-text-align-left wp-block-post-title has-small-plus-font-size\"><a href=\"https:\/\/www.moregamification.com\/ro\/odoo-timesheets-how-to-use-them-and-get-people-to-actually-use-them\/\" target=\"_self\" >Odoo Timesheets: How to Use Them (and Get People to Actually Use Them)<\/a><\/h3>\n\n\n<div class=\"wp-block-group has-tiny-font-size is-nowrap is-layout-flex wp-container-core-group-is-layout-5f465610 wp-block-group-is-layout-flex\">\n<p class=\"has-meta-color has-text-color\" style=\"padding-right:6px;padding-left:6px;font-size:8px\"><strong>\u2022<\/strong><\/p>\n\n\n<div class=\"has-link-color wp-elements-f402fe25c860072a9bf5064ca05b2364 wp-block-post-date\"><time datetime=\"2025-04-30T12:08:49+00:00\"><a href=\"https:\/\/www.moregamification.com\/ro\/odoo-timesheets-how-to-use-them-and-get-people-to-actually-use-them\/\">apr. 30, 2025<\/a><\/time><\/div><\/div>\n<\/div>\n\n<\/li><li class=\"wp-block-post post-9479 post type-post status-publish format-standard has-post-thumbnail hentry category-ai category-gamification category-hr category-training\">\n\n<div class=\"wp-block-group has-global-padding is-layout-constrained wp-container-core-group-is-layout-be425970 wp-block-group-is-layout-constrained\" style=\"padding-top:0px;padding-right:var(--wp--preset--spacing--30);padding-bottom:var(--wp--preset--spacing--20);padding-left:0px\">\n<div class=\"wp-block-cover has-custom-content-position is-position-bottom-left lemmony-aspect-3_2 has-midground-background-color\" style=\"padding-top:var(--wp--preset--spacing--20);padding-right:var(--wp--preset--spacing--20);padding-bottom:var(--wp--preset--spacing--20);padding-left:var(--wp--preset--spacing--20);min-height:5rem;aspect-ratio:unset;\"><span aria-hidden=\"true\" class=\"wp-block-cover__background has-background-dim-0 has-background-dim\" style=\"background-color:#e0e0e0\"><\/span><img loading=\"lazy\" decoding=\"async\" width=\"1600\" height=\"800\" src=\"https:\/\/www.moregamification.com\/wp-content\/uploads\/2025\/04\/mega-creator-2025-04-17T141351.787.png\" class=\"wp-block-cover__image-background wp-post-image\" alt=\"Human Resource AI\" data-object-fit=\"cover\" srcset=\"https:\/\/www.moregamification.com\/wp-content\/uploads\/2025\/04\/mega-creator-2025-04-17T141351.787.png 1600w, https:\/\/www.moregamification.com\/wp-content\/uploads\/2025\/04\/mega-creator-2025-04-17T141351.787-300x150.png 300w, https:\/\/www.moregamification.com\/wp-content\/uploads\/2025\/04\/mega-creator-2025-04-17T141351.787-1024x512.png 1024w, https:\/\/www.moregamification.com\/wp-content\/uploads\/2025\/04\/mega-creator-2025-04-17T141351.787-768x384.png 768w, https:\/\/www.moregamification.com\/wp-content\/uploads\/2025\/04\/mega-creator-2025-04-17T141351.787-1536x768.png 1536w, https:\/\/www.moregamification.com\/wp-content\/uploads\/2025\/04\/mega-creator-2025-04-17T141351.787-18x9.png 18w\" sizes=\"auto, (max-width: 1600px) 100vw, 1600px\" \/><div class=\"wp-block-cover__inner-container is-layout-flow wp-block-cover-is-layout-flow\"><div style=\"font-style:normal;font-weight:700\" class=\"taxonomy-category is-style-boxes wp-block-post-terms has-text-color has-body-color has-tiny-font-size\"><a href=\"https:\/\/www.moregamification.com\/ro\/category\/ai\/\" rel=\"tag\">AI<\/a><span class=\"wp-block-post-terms__separator\">, <\/span><a href=\"https:\/\/www.moregamification.com\/ro\/category\/gamification\/\" rel=\"tag\">Gamification<\/a><span class=\"wp-block-post-terms__separator\">, <\/span><a href=\"https:\/\/www.moregamification.com\/ro\/category\/hr\/\" rel=\"tag\">HR<\/a><span class=\"wp-block-post-terms__separator\">, <\/span><a href=\"https:\/\/www.moregamification.com\/ro\/category\/training\/\" rel=\"tag\">Training<\/a><\/div><\/div><\/div>\n\n\n<h3 style=\"line-height:1.6; margin-top:var(--wp--preset--spacing--40);\" class=\"has-text-align-left wp-block-post-title has-small-plus-font-size\"><a href=\"https:\/\/www.moregamification.com\/ro\/human-resource-ai-transforming-talent-management-in-the-digital-age\/\" target=\"_self\" >\u200bHuman Resource AI: Transforming Talent Management in the Digital Age<\/a><\/h3>\n\n\n<div class=\"wp-block-group has-tiny-font-size is-nowrap is-layout-flex wp-container-core-group-is-layout-5f465610 wp-block-group-is-layout-flex\">\n<p class=\"has-meta-color has-text-color\" style=\"padding-right:6px;padding-left:6px;font-size:8px\"><strong>\u2022<\/strong><\/p>\n\n\n<div class=\"has-link-color wp-elements-f402fe25c860072a9bf5064ca05b2364 wp-block-post-date\"><time datetime=\"2025-04-17T11:14:57+00:00\"><a href=\"https:\/\/www.moregamification.com\/ro\/human-resource-ai-transforming-talent-management-in-the-digital-age\/\">apr. 17, 2025<\/a><\/time><\/div><\/div>\n<\/div>\n\n<\/li><li class=\"wp-block-post post-9428 post type-post status-publish format-standard has-post-thumbnail hentry category-gamification category-hr category-training category-wellbeing\">\n\n<div class=\"wp-block-group has-global-padding is-layout-constrained wp-container-core-group-is-layout-be425970 wp-block-group-is-layout-constrained\" style=\"padding-top:0px;padding-right:var(--wp--preset--spacing--30);padding-bottom:var(--wp--preset--spacing--20);padding-left:0px\">\n<div class=\"wp-block-cover has-custom-content-position is-position-bottom-left lemmony-aspect-3_2 has-midground-background-color\" style=\"padding-top:var(--wp--preset--spacing--20);padding-right:var(--wp--preset--spacing--20);padding-bottom:var(--wp--preset--spacing--20);padding-left:var(--wp--preset--spacing--20);min-height:5rem;aspect-ratio:unset;\"><span aria-hidden=\"true\" class=\"wp-block-cover__background has-background-dim-0 has-background-dim\" style=\"background-color:#e0e0e0\"><\/span><img loading=\"lazy\" decoding=\"async\" width=\"1600\" height=\"800\" src=\"https:\/\/www.moregamification.com\/wp-content\/uploads\/2025\/04\/mega-creator-2025-04-11T143606.840.png\" class=\"wp-block-cover__image-background wp-post-image\" alt=\"Culture of Recognition\" data-object-fit=\"cover\" srcset=\"https:\/\/www.moregamification.com\/wp-content\/uploads\/2025\/04\/mega-creator-2025-04-11T143606.840.png 1600w, https:\/\/www.moregamification.com\/wp-content\/uploads\/2025\/04\/mega-creator-2025-04-11T143606.840-300x150.png 300w, https:\/\/www.moregamification.com\/wp-content\/uploads\/2025\/04\/mega-creator-2025-04-11T143606.840-1024x512.png 1024w, https:\/\/www.moregamification.com\/wp-content\/uploads\/2025\/04\/mega-creator-2025-04-11T143606.840-768x384.png 768w, https:\/\/www.moregamification.com\/wp-content\/uploads\/2025\/04\/mega-creator-2025-04-11T143606.840-1536x768.png 1536w, https:\/\/www.moregamification.com\/wp-content\/uploads\/2025\/04\/mega-creator-2025-04-11T143606.840-18x9.png 18w\" sizes=\"auto, (max-width: 1600px) 100vw, 1600px\" \/><div class=\"wp-block-cover__inner-container is-layout-flow wp-block-cover-is-layout-flow\"><div style=\"font-style:normal;font-weight:700\" class=\"taxonomy-category is-style-boxes wp-block-post-terms has-text-color has-body-color has-tiny-font-size\"><a href=\"https:\/\/www.moregamification.com\/ro\/category\/gamification\/\" rel=\"tag\">Gamification<\/a><span class=\"wp-block-post-terms__separator\">, <\/span><a href=\"https:\/\/www.moregamification.com\/ro\/category\/hr\/\" rel=\"tag\">HR<\/a><span class=\"wp-block-post-terms__separator\">, <\/span><a href=\"https:\/\/www.moregamification.com\/ro\/category\/training\/\" rel=\"tag\">Training<\/a><span class=\"wp-block-post-terms__separator\">, <\/span><a href=\"https:\/\/www.moregamification.com\/ro\/category\/wellbeing\/\" rel=\"tag\">Wellbeing<\/a><\/div><\/div><\/div>\n\n\n<h3 style=\"line-height:1.6; margin-top:var(--wp--preset--spacing--40);\" class=\"has-text-align-left wp-block-post-title has-small-plus-font-size\"><a href=\"https:\/\/www.moregamification.com\/ro\/building-a-culture-of-recognition-with-gamification\/\" target=\"_self\" >Building a Culture of Recognition with Gamification<\/a><\/h3>\n\n\n<div class=\"wp-block-group has-tiny-font-size is-nowrap is-layout-flex wp-container-core-group-is-layout-5f465610 wp-block-group-is-layout-flex\">\n<p class=\"has-meta-color has-text-color\" style=\"padding-right:6px;padding-left:6px;font-size:8px\"><strong>\u2022<\/strong><\/p>\n\n\n<div class=\"has-link-color wp-elements-f402fe25c860072a9bf5064ca05b2364 wp-block-post-date\"><time datetime=\"2025-04-11T11:37:02+00:00\"><a href=\"https:\/\/www.moregamification.com\/ro\/building-a-culture-of-recognition-with-gamification\/\">apr. 11, 2025<\/a><\/time><\/div><\/div>\n<\/div>\n\n<\/li><\/ul><\/div>\n<\/div>\n<\/div>\n<\/div>\n\n\n<nav class=\"wp-block-query-pagination is-layout-flex wp-block-query-pagination-is-layout-flex\" aria-label=\"pagina\u021bie\">\n\n\n<div class=\"wp-block-query-pagination-numbers\"><span data-wp-key=\"index-0\" aria-current=\"page\" class=\"page-numbers current\">1<\/span>\n<a data-wp-key=\"index-1\" data-wp-on--click=\"core\/query::actions.navigate\" class=\"page-numbers\" href=\"?query-14-page=2\">2<\/a><\/div>\n\n<a data-wp-key=\"query-pagination-next\" data-wp-on--click=\"core\/query::actions.navigate\" data-wp-on--mouseenter=\"core\/query::actions.prefetch\" data-wp-watch=\"core\/query::callbacks.prefetch\" href=\"\/ro\/wp-json\/wp\/v2\/pages\/8303?query-14-page=2\" class=\"wp-block-query-pagination-next\" aria-label=\"Pagina urm\u0103toare\"><span class='wp-block-query-pagination-next-arrow is-arrow-arrow' aria-hidden='true'>\u2192<\/span><\/a>\n<\/nav><\/div>\n<\/div>\n<\/div>\n\n\n\n<div class=\"wp-block-column is-layout-flow wp-container-core-column-is-layout-119bc444 wp-block-column-is-layout-flow\" style=\"flex-basis:32.8%\"><aside class=\"site-sidebar wp-block-template-part\">\n<div class=\"wp-block-group has-global-padding is-layout-constrained wp-container-core-group-is-layout-346627ba wp-block-group-is-layout-constrained\">\n<div class=\"wp-block-group has-midground-background-color has-background has-global-padding is-layout-constrained wp-container-core-group-is-layout-0747478d wp-block-group-is-layout-constrained\" style=\"border-radius:10px;padding-top:var(--wp--preset--spacing--50);padding-right:var(--wp--preset--spacing--50);padding-bottom:var(--wp--preset--spacing--50);padding-left:var(--wp--preset--spacing--50)\">\n<h3 class=\"wp-block-heading has-midground-background-color has-background has-small-plus-font-size\" style=\"padding-top:0;padding-right:0;padding-bottom:0;padding-left:0\">Despre Autor<\/h3>\n\n\n\n<figure class=\"wp-block-image size-full\"><img loading=\"lazy\" decoding=\"async\" width=\"507\" height=\"521\" src=\"https:\/\/www.moregamification.com\/wp-content\/uploads\/2024\/04\/gabi-1.png\" alt=\"\" class=\"wp-image-8122\" srcset=\"https:\/\/www.moregamification.com\/wp-content\/uploads\/2024\/04\/gabi-1.png 507w, https:\/\/www.moregamification.com\/wp-content\/uploads\/2024\/04\/gabi-1-292x300.png 292w\" sizes=\"auto, (max-width: 507px) 100vw, 507px\" \/><\/figure>\n\n\n\n<p class=\"has-small-font-size\" style=\"line-height:1.8\">Face\u021bi cuno\u0219tin\u021b\u0103 cu Gabi, un expert \u00een gamificare. Cu o pasiune pentru a crea experien\u021be captivante pentru utilizatori, ea \u00eembin\u0103 perspective din psihologie \u0219i tehnologie pentru a inspira inova\u021bia \u00eentre munc\u0103 \u0219i joac\u0103. Al\u0103tura\u021bi-v\u0103 ei \u00eentr-o c\u0103l\u0103torie pentru a debloca \u00eentregul poten\u021bial al jocului \u00een via\u021ba \u0219i munca voastr\u0103.<\/p>\n\n\n\n<div class=\"wp-block-buttons is-layout-flex wp-block-buttons-is-layout-flex\">\n<div class=\"wp-block-button\"><a class=\"wp-block-button__link wp-element-button\" href=\"https:\/\/www.moregamification.com\/ro\/about-us\/\">Despre Noi<\/a><\/div>\n<\/div>\n<\/div>\n\n\n\n<div class=\"wp-block-group has-midground-background-color has-background has-global-padding is-layout-constrained wp-container-core-group-is-layout-0747478d wp-block-group-is-layout-constrained\" style=\"border-radius:10px;padding-top:var(--wp--preset--spacing--50);padding-right:var(--wp--preset--spacing--50);padding-bottom:var(--wp--preset--spacing--50);padding-left:var(--wp--preset--spacing--50)\">\n<h3 class=\"wp-block-heading has-midground-background-color has-background has-small-plus-font-size\" style=\"padding-top:0;padding-right:0;padding-bottom:0;padding-left:0\">Articole Noi<\/h3>\n\n\n\n<div class=\"wp-block-query is-layout-flow wp-block-query-is-layout-flow\"><ul class=\"wp-block-post-template has-tiny-font-size is-layout-flow wp-block-post-template-is-layout-flow\"><li class=\"wp-block-post post-9500 post type-post status-publish format-standard has-post-thumbnail hentry category-business category-gamification category-odoo category-training\">\n\n<div class=\"wp-block-columns is-not-stacked-on-mobile is-layout-flex wp-container-core-columns-is-layout-08c01c1c wp-block-columns-is-layout-flex\">\n<div class=\"wp-block-column is-layout-flow wp-block-column-is-layout-flow\" style=\"flex-basis:80px\">\n<div class=\"wp-block-group lemmony-aspect-1_1 has-background-background-color has-global-padding is-layout-constrained wp-block-group-is-layout-constrained\"><figure style=\"width:80px;height:80px;\" class=\"alignwide wp-block-post-featured-image\"><a href=\"https:\/\/www.moregamification.com\/ro\/odoo-timesheets-how-to-use-them-and-get-people-to-actually-use-them\/\" target=\"_self\"  style=\"height:80px\"><img loading=\"lazy\" decoding=\"async\" width=\"150\" height=\"150\" src=\"https:\/\/www.moregamification.com\/wp-content\/uploads\/2025\/04\/mega-creator-2025-04-30T150806.941-150x150.png\" class=\"attachment-thumbnail size-thumbnail wp-post-image\" alt=\"Odoo Timesheets: How to Use Them (and Get People to Actually Use Them)\" style=\"height:80px;object-fit:cover;\" \/><\/a><\/figure><\/div>\n<\/div>\n\n\n\n<div class=\"wp-block-column is-layout-flow wp-container-core-column-is-layout-e3d1c41b wp-block-column-is-layout-flow\" style=\"flex-basis:66.66%\"><h4 style=\"line-height:1.6;\" class=\"wp-block-post-title has-tiny-plus-font-size\"><a href=\"https:\/\/www.moregamification.com\/ro\/odoo-timesheets-how-to-use-them-and-get-people-to-actually-use-them\/\" target=\"_self\" >Odoo Timesheets: How to Use Them (and Get People to Actually Use Them)<\/a><\/h4>\n\n<div class=\"wp-block-post-date has-text-color has-meta-color has-tiny-font-size\"><time datetime=\"2025-04-30T12:08:49+00:00\">aprilie 30, 2025<\/time><\/div><\/div>\n<\/div>\n\n<\/li><li class=\"wp-block-post post-9479 post type-post status-publish format-standard has-post-thumbnail hentry category-ai category-gamification category-hr category-training\">\n\n<div class=\"wp-block-columns is-not-stacked-on-mobile is-layout-flex wp-container-core-columns-is-layout-08c01c1c wp-block-columns-is-layout-flex\">\n<div class=\"wp-block-column is-layout-flow wp-block-column-is-layout-flow\" style=\"flex-basis:80px\">\n<div class=\"wp-block-group lemmony-aspect-1_1 has-background-background-color has-global-padding is-layout-constrained wp-block-group-is-layout-constrained\"><figure style=\"width:80px;height:80px;\" class=\"alignwide wp-block-post-featured-image\"><a href=\"https:\/\/www.moregamification.com\/ro\/human-resource-ai-transforming-talent-management-in-the-digital-age\/\" target=\"_self\"  style=\"height:80px\"><img loading=\"lazy\" decoding=\"async\" width=\"150\" height=\"150\" src=\"https:\/\/www.moregamification.com\/wp-content\/uploads\/2025\/04\/mega-creator-2025-04-17T141351.787-150x150.png\" class=\"attachment-thumbnail size-thumbnail wp-post-image\" alt=\"\u200bHuman Resource AI: Transforming Talent Management in the Digital Age\" style=\"height:80px;object-fit:cover;\" \/><\/a><\/figure><\/div>\n<\/div>\n\n\n\n<div class=\"wp-block-column is-layout-flow wp-container-core-column-is-layout-e3d1c41b wp-block-column-is-layout-flow\" style=\"flex-basis:66.66%\"><h4 style=\"line-height:1.6;\" class=\"wp-block-post-title has-tiny-plus-font-size\"><a href=\"https:\/\/www.moregamification.com\/ro\/human-resource-ai-transforming-talent-management-in-the-digital-age\/\" target=\"_self\" >\u200bHuman Resource AI: Transforming Talent Management in the Digital Age<\/a><\/h4>\n\n<div class=\"wp-block-post-date has-text-color has-meta-color has-tiny-font-size\"><time datetime=\"2025-04-17T11:14:57+00:00\">aprilie 17, 2025<\/time><\/div><\/div>\n<\/div>\n\n<\/li><li class=\"wp-block-post post-9428 post type-post status-publish format-standard has-post-thumbnail hentry category-gamification category-hr category-training category-wellbeing\">\n\n<div class=\"wp-block-columns is-not-stacked-on-mobile is-layout-flex wp-container-core-columns-is-layout-08c01c1c wp-block-columns-is-layout-flex\">\n<div class=\"wp-block-column is-layout-flow wp-block-column-is-layout-flow\" style=\"flex-basis:80px\">\n<div class=\"wp-block-group lemmony-aspect-1_1 has-background-background-color has-global-padding is-layout-constrained wp-block-group-is-layout-constrained\"><figure style=\"width:80px;height:80px;\" class=\"alignwide wp-block-post-featured-image\"><a href=\"https:\/\/www.moregamification.com\/ro\/building-a-culture-of-recognition-with-gamification\/\" target=\"_self\"  style=\"height:80px\"><img loading=\"lazy\" decoding=\"async\" width=\"150\" height=\"150\" src=\"https:\/\/www.moregamification.com\/wp-content\/uploads\/2025\/04\/mega-creator-2025-04-11T143606.840-150x150.png\" class=\"attachment-thumbnail size-thumbnail wp-post-image\" alt=\"Building a Culture of Recognition with Gamification\" style=\"height:80px;object-fit:cover;\" \/><\/a><\/figure><\/div>\n<\/div>\n\n\n\n<div class=\"wp-block-column is-layout-flow wp-container-core-column-is-layout-e3d1c41b wp-block-column-is-layout-flow\" style=\"flex-basis:66.66%\"><h4 style=\"line-height:1.6;\" class=\"wp-block-post-title has-tiny-plus-font-size\"><a href=\"https:\/\/www.moregamification.com\/ro\/building-a-culture-of-recognition-with-gamification\/\" target=\"_self\" >Building a Culture of Recognition with Gamification<\/a><\/h4>\n\n<div class=\"wp-block-post-date has-text-color has-meta-color has-tiny-font-size\"><time datetime=\"2025-04-11T11:37:02+00:00\">aprilie 11, 2025<\/time><\/div><\/div>\n<\/div>\n\n<\/li><\/ul><\/div>\n<\/div>\n\n\n\n<div class=\"wp-block-group has-midground-background-color has-background has-global-padding is-layout-constrained wp-container-core-group-is-layout-0747478d wp-block-group-is-layout-constrained\" style=\"border-radius:10px;padding-top:var(--wp--preset--spacing--50);padding-right:var(--wp--preset--spacing--50);padding-bottom:var(--wp--preset--spacing--50);padding-left:var(--wp--preset--spacing--50)\">\n<h3 class=\"wp-block-heading has-midground-background-color has-background has-small-plus-font-size\" style=\"padding-top:0;padding-right:0;padding-bottom:0;padding-left:0\">Categorii<\/h3>\n\n\n<ul style=\"font-style:normal;font-weight:700;\" class=\"wp-block-categories-list wp-block-categories\">\t<li class=\"cat-item cat-item-12\"><a href=\"https:\/\/www.moregamification.com\/ro\/category\/ai\/\">AI<\/a> (5)\n<\/li>\n\t<li class=\"cat-item cat-item-16\"><a href=\"https:\/\/www.moregamification.com\/ro\/category\/business\/\">Business<\/a> (14)\n<\/li>\n\t<li class=\"cat-item cat-item-13\"><a href=\"https:\/\/www.moregamification.com\/ro\/category\/education\/\">Education<\/a> (6)\n<\/li>\n\t<li class=\"cat-item cat-item-10\"><a href=\"https:\/\/www.moregamification.com\/ro\/category\/gamification\/\">Gamification<\/a> (35)\n<\/li>\n\t<li class=\"cat-item cat-item-14\"><a href=\"https:\/\/www.moregamification.com\/ro\/category\/hr\/\">HR<\/a> (29)\n<\/li>\n\t<li class=\"cat-item cat-item-19\"><a href=\"https:\/\/www.moregamification.com\/ro\/category\/odoo\/\">Odoo<\/a> (1)\n<\/li>\n\t<li class=\"cat-item cat-item-17\"><a href=\"https:\/\/www.moregamification.com\/ro\/category\/sales\/\">Sales<\/a> (4)\n<\/li>\n\t<li class=\"cat-item cat-item-18\"><a href=\"https:\/\/www.moregamification.com\/ro\/category\/training\/\">Training<\/a> (17)\n<\/li>\n\t<li class=\"cat-item cat-item-1\"><a href=\"https:\/\/www.moregamification.com\/ro\/category\/uncategorized\/\">Uncategorized<\/a> (1)\n<\/li>\n\t<li class=\"cat-item cat-item-15\"><a href=\"https:\/\/www.moregamification.com\/ro\/category\/wellbeing\/\">Wellbeing<\/a> (2)\n<\/li>\n<\/ul><\/div>\n<\/div>\n<\/aside><\/div>\n<\/div>","protected":false},"excerpt":{"rendered":"","protected":false},"author":1,"featured_media":8992,"parent":0,"menu_order":0,"comment_status":"closed","ping_status":"closed","template":"","meta":{"content-type":"","_monsterinsights_skip_tracking":false,"_monsterinsights_sitenote_active":false,"_monsterinsights_sitenote_note":"","_monsterinsights_sitenote_category":0,"footnotes":""},"class_list":["post-8303","page","type-page","status-publish","has-post-thumbnail","hentry"],"aioseo_notices":[],"_links":{"self":[{"href":"https:\/\/www.moregamification.com\/ro\/wp-json\/wp\/v2\/pages\/8303","targetHints":{"allow":["GET"]}}],"collection":[{"href":"https:\/\/www.moregamification.com\/ro\/wp-json\/wp\/v2\/pages"}],"about":[{"href":"https:\/\/www.moregamification.com\/ro\/wp-json\/wp\/v2\/types\/page"}],"author":[{"embeddable":true,"href":"https:\/\/www.moregamification.com\/ro\/wp-json\/wp\/v2\/users\/1"}],"replies":[{"embeddable":true,"href":"https:\/\/www.moregamification.com\/ro\/wp-json\/wp\/v2\/comments?post=8303"}],"version-history":[{"count":18,"href":"https:\/\/www.moregamification.com\/ro\/wp-json\/wp\/v2\/pages\/8303\/revisions"}],"predecessor-version":[{"id":8995,"href":"https:\/\/www.moregamification.com\/ro\/wp-json\/wp\/v2\/pages\/8303\/revisions\/8995"}],"wp:featuredmedia":[{"embeddable":true,"href":"https:\/\/www.moregamification.com\/ro\/wp-json\/wp\/v2\/media\/8992"}],"wp:attachment":[{"href":"https:\/\/www.moregamification.com\/ro\/wp-json\/wp\/v2\/media?parent=8303"}],"curies":[{"name":"wp","href":"https:\/\/api.w.org\/{rel}","templated":true}]}}